{"id":1385,"date":"2019-05-08T11:17:59","date_gmt":"2019-05-08T11:17:59","guid":{"rendered":"http:\/\/online.elmorteroalegre.es\/?post_type=product&#038;p=1385"},"modified":"2022-09-08T09:26:40","modified_gmt":"2022-09-08T09:26:40","slug":"tarta-de-queso-con-arandanos","status":"publish","type":"product","link":"https:\/\/online.elmorteroalegre.es\/?product=tarta-de-queso-con-arandanos","title":{"rendered":"TARTA DE QUESO CON AR\u00c1NDANOS"},"content":{"rendered":"","protected":false},"excerpt":{"rendered":"<p>POR RACIONES. Una raci\u00f3n de este postre son aproximadamente 150 grs. TARTA DE QUESO CON AR\u00c1NDANOS<\/p>\n","protected":false},"featured_media":1386,"template":"","meta":[],"product_brand":[],"product_cat":[125],"product_tag":[],"class_list":{"0":"post-1385","1":"product","2":"type-product","3":"status-publish","4":"has-post-thumbnail","6":"product_cat-postres","8":"first","9":"instock","10":"taxable","11":"shipping-taxable","12":"purchasable","13":"product-type-simple"},"_links":{"self":[{"href":"https:\/\/online.elmorteroalegre.es\/index.php?rest_route=\/wp\/v2\/product\/1385","targetHints":{"allow":["GET"]}}],"collection":[{"href":"https:\/\/online.elmorteroalegre.es\/index.php?rest_route=\/wp\/v2\/product"}],"about":[{"href":"https:\/\/online.elmorteroalegre.es\/index.php?rest_route=\/wp\/v2\/types\/product"}],"wp:featuredmedia":[{"embeddable":true,"href":"https:\/\/online.elmorteroalegre.es\/index.php?rest_route=\/wp\/v2\/media\/1386"}],"wp:attachment":[{"href":"https:\/\/online.elmorteroalegre.es\/index.php?rest_route=%2Fwp%2Fv2%2Fmedia&parent=1385"}],"wp:term":[{"taxonomy":"product_brand","embeddable":true,"href":"https:\/\/online.elmorteroalegre.es\/index.php?rest_route=%2Fwp%2Fv2%2Fproduct_brand&post=1385"},{"taxonomy":"product_cat","embeddable":true,"href":"https:\/\/online.elmorteroalegre.es\/index.php?rest_route=%2Fwp%2Fv2%2Fproduct_cat&post=1385"},{"taxonomy":"product_tag","embeddable":true,"href":"https:\/\/online.elmorteroalegre.es\/index.php?rest_route=%2Fwp%2Fv2%2Fproduct_tag&post=1385"}],"curies":[{"name":"wp","href":"https:\/\/api.w.org\/{rel}","templated":true}]}}