{"id":979,"date":"2019-05-02T10:32:40","date_gmt":"2019-05-02T10:32:40","guid":{"rendered":"http:\/\/online.elmorteroalegre.es\/?post_type=product&#038;p=979"},"modified":"2025-09-15T08:47:28","modified_gmt":"2025-09-15T08:47:28","slug":"arroz-con-foie","status":"publish","type":"product","link":"http:\/\/online.elmorteroalegre.es\/?product=arroz-con-foie","title":{"rendered":"ARROZ CON BOGABANTE, BOLETUS Y FOIE"},"content":{"rendered":"","protected":false},"excerpt":{"rendered":"<p>Precio de una raci\u00f3n de: ARROZ CON BOLETUS. Elaborado con productos de primera calidad y con el espero y cari\u00f1o que dedicamos a todos nuestros platos.Pedido m\u00ednimo en paella para llevar es de 4 personas.<\/p>\n","protected":false},"featured_media":983,"template":"","meta":[],"product_brand":[],"product_cat":[64,60],"product_tag":[],"class_list":{"0":"post-979","1":"product","2":"type-product","3":"status-publish","4":"has-post-thumbnail","6":"product_cat-arroces","7":"product_cat-paellas","9":"first","10":"instock","11":"taxable","12":"shipping-taxable","13":"purchasable","14":"product-type-simple"},"_links":{"self":[{"href":"http:\/\/online.elmorteroalegre.es\/index.php?rest_route=\/wp\/v2\/product\/979","targetHints":{"allow":["GET"]}}],"collection":[{"href":"http:\/\/online.elmorteroalegre.es\/index.php?rest_route=\/wp\/v2\/product"}],"about":[{"href":"http:\/\/online.elmorteroalegre.es\/index.php?rest_route=\/wp\/v2\/types\/product"}],"wp:featuredmedia":[{"embeddable":true,"href":"http:\/\/online.elmorteroalegre.es\/index.php?rest_route=\/wp\/v2\/media\/983"}],"wp:attachment":[{"href":"http:\/\/online.elmorteroalegre.es\/index.php?rest_route=%2Fwp%2Fv2%2Fmedia&parent=979"}],"wp:term":[{"taxonomy":"product_brand","embeddable":true,"href":"http:\/\/online.elmorteroalegre.es\/index.php?rest_route=%2Fwp%2Fv2%2Fproduct_brand&post=979"},{"taxonomy":"product_cat","embeddable":true,"href":"http:\/\/online.elmorteroalegre.es\/index.php?rest_route=%2Fwp%2Fv2%2Fproduct_cat&post=979"},{"taxonomy":"product_tag","embeddable":true,"href":"http:\/\/online.elmorteroalegre.es\/index.php?rest_route=%2Fwp%2Fv2%2Fproduct_tag&post=979"}],"curies":[{"name":"wp","href":"https:\/\/api.w.org\/{rel}","templated":true}]}}