{"id":977,"date":"2019-05-02T10:29:37","date_gmt":"2019-05-02T10:29:37","guid":{"rendered":"http:\/\/online.elmorteroalegre.es\/?post_type=product&#038;p=977"},"modified":"2025-09-15T08:46:19","modified_gmt":"2025-09-15T08:46:19","slug":"caldereta-de-marisco","status":"publish","type":"product","link":"http:\/\/online.elmorteroalegre.es\/?product=caldereta-de-marisco","title":{"rendered":"CALDERETA DE MARISCO"},"content":{"rendered":"","protected":false},"excerpt":{"rendered":"<p>Precio de una raci\u00f3n de: CALDERETA DE MARISCO. Elaborada con productos de primera calidad y con el espero y cari\u00f1o que dedicamos a todos nuestros platos.Pedido m\u00ednimo en paella para llevar es de 4 personas.<\/p>\n","protected":false},"featured_media":978,"template":"","meta":[],"product_brand":[],"product_cat":[64,60,66],"product_tag":[],"class_list":{"0":"post-977","1":"product","2":"type-product","3":"status-publish","4":"has-post-thumbnail","6":"product_cat-arroces","7":"product_cat-paellas","8":"product_cat-pescados","10":"first","11":"instock","12":"taxable","13":"shipping-taxable","14":"purchasable","15":"product-type-simple"},"_links":{"self":[{"href":"http:\/\/online.elmorteroalegre.es\/index.php?rest_route=\/wp\/v2\/product\/977","targetHints":{"allow":["GET"]}}],"collection":[{"href":"http:\/\/online.elmorteroalegre.es\/index.php?rest_route=\/wp\/v2\/product"}],"about":[{"href":"http:\/\/online.elmorteroalegre.es\/index.php?rest_route=\/wp\/v2\/types\/product"}],"wp:featuredmedia":[{"embeddable":true,"href":"http:\/\/online.elmorteroalegre.es\/index.php?rest_route=\/wp\/v2\/media\/978"}],"wp:attachment":[{"href":"http:\/\/online.elmorteroalegre.es\/index.php?rest_route=%2Fwp%2Fv2%2Fmedia&parent=977"}],"wp:term":[{"taxonomy":"product_brand","embeddable":true,"href":"http:\/\/online.elmorteroalegre.es\/index.php?rest_route=%2Fwp%2Fv2%2Fproduct_brand&post=977"},{"taxonomy":"product_cat","embeddable":true,"href":"http:\/\/online.elmorteroalegre.es\/index.php?rest_route=%2Fwp%2Fv2%2Fproduct_cat&post=977"},{"taxonomy":"product_tag","embeddable":true,"href":"http:\/\/online.elmorteroalegre.es\/index.php?rest_route=%2Fwp%2Fv2%2Fproduct_tag&post=977"}],"curies":[{"name":"wp","href":"https:\/\/api.w.org\/{rel}","templated":true}]}}