{"id":967,"date":"2019-05-02T10:18:18","date_gmt":"2019-05-02T10:18:18","guid":{"rendered":"http:\/\/online.elmorteroalegre.es\/?post_type=product&#038;p=967"},"modified":"2025-09-15T08:48:59","modified_gmt":"2025-09-15T08:48:59","slug":"fideua-mixta-el-mortero","status":"publish","type":"product","link":"http:\/\/online.elmorteroalegre.es\/?product=fideua-mixta-el-mortero","title":{"rendered":"3-FIDEU\u00c1 MIXTA El Mortero"},"content":{"rendered":"","protected":false},"excerpt":{"rendered":"<p>Precio de una raci\u00f3n de: Fideu\u00e1 Mixta &#8220;El Mortero&#8221;. Elaborada con productos de primera calidad y con el espero y cari\u00f1o que dedicamos a todos nuestros platos.Pedido m\u00ednimo en paella para llevar es de 4 personas.<\/p>\n","protected":false},"featured_media":968,"template":"","meta":[],"product_brand":[],"product_cat":[64,60],"product_tag":[],"class_list":{"0":"post-967","1":"product","2":"type-product","3":"status-publish","4":"has-post-thumbnail","6":"product_cat-arroces","7":"product_cat-paellas","9":"first","10":"instock","11":"taxable","12":"shipping-taxable","13":"purchasable","14":"product-type-simple"},"_links":{"self":[{"href":"http:\/\/online.elmorteroalegre.es\/index.php?rest_route=\/wp\/v2\/product\/967","targetHints":{"allow":["GET"]}}],"collection":[{"href":"http:\/\/online.elmorteroalegre.es\/index.php?rest_route=\/wp\/v2\/product"}],"about":[{"href":"http:\/\/online.elmorteroalegre.es\/index.php?rest_route=\/wp\/v2\/types\/product"}],"wp:featuredmedia":[{"embeddable":true,"href":"http:\/\/online.elmorteroalegre.es\/index.php?rest_route=\/wp\/v2\/media\/968"}],"wp:attachment":[{"href":"http:\/\/online.elmorteroalegre.es\/index.php?rest_route=%2Fwp%2Fv2%2Fmedia&parent=967"}],"wp:term":[{"taxonomy":"product_brand","embeddable":true,"href":"http:\/\/online.elmorteroalegre.es\/index.php?rest_route=%2Fwp%2Fv2%2Fproduct_brand&post=967"},{"taxonomy":"product_cat","embeddable":true,"href":"http:\/\/online.elmorteroalegre.es\/index.php?rest_route=%2Fwp%2Fv2%2Fproduct_cat&post=967"},{"taxonomy":"product_tag","embeddable":true,"href":"http:\/\/online.elmorteroalegre.es\/index.php?rest_route=%2Fwp%2Fv2%2Fproduct_tag&post=967"}],"curies":[{"name":"wp","href":"https:\/\/api.w.org\/{rel}","templated":true}]}}