{"id":701,"date":"2019-05-01T17:22:06","date_gmt":"2019-05-01T17:22:06","guid":{"rendered":"http:\/\/online.elmorteroalegre.es\/?post_type=product&#038;p=701"},"modified":"2025-12-10T12:43:52","modified_gmt":"2025-12-10T12:43:52","slug":"picada-de-ternera","status":"publish","type":"product","link":"http:\/\/online.elmorteroalegre.es\/?product=picada-de-ternera","title":{"rendered":"TERNERA GUISAR O PICAR -Precio por Kg.-"},"content":{"rendered":"","protected":false},"excerpt":{"rendered":"<p>A8,99 \u20ac kilo. Se vende por peso. Su preparaci\u00f3n se realiza en el momento del pedido combinando: puntas de culata, aguja, etc. Ideal para acompa\u00f1ar a la pasta, alb\u00f3ndigas, hamburguesas.<\/p>\n","protected":false},"featured_media":711,"template":"","meta":[],"product_brand":[],"product_cat":[56],"product_tag":[],"class_list":{"0":"post-701","1":"product","2":"type-product","3":"status-publish","4":"has-post-thumbnail","6":"product_cat-ternera","8":"first","9":"instock","10":"sold-individually","11":"taxable","12":"shipping-taxable","13":"purchasable","14":"product-type-simple"},"_links":{"self":[{"href":"http:\/\/online.elmorteroalegre.es\/index.php?rest_route=\/wp\/v2\/product\/701","targetHints":{"allow":["GET"]}}],"collection":[{"href":"http:\/\/online.elmorteroalegre.es\/index.php?rest_route=\/wp\/v2\/product"}],"about":[{"href":"http:\/\/online.elmorteroalegre.es\/index.php?rest_route=\/wp\/v2\/types\/product"}],"wp:featuredmedia":[{"embeddable":true,"href":"http:\/\/online.elmorteroalegre.es\/index.php?rest_route=\/wp\/v2\/media\/711"}],"wp:attachment":[{"href":"http:\/\/online.elmorteroalegre.es\/index.php?rest_route=%2Fwp%2Fv2%2Fmedia&parent=701"}],"wp:term":[{"taxonomy":"product_brand","embeddable":true,"href":"http:\/\/online.elmorteroalegre.es\/index.php?rest_route=%2Fwp%2Fv2%2Fproduct_brand&post=701"},{"taxonomy":"product_cat","embeddable":true,"href":"http:\/\/online.elmorteroalegre.es\/index.php?rest_route=%2Fwp%2Fv2%2Fproduct_cat&post=701"},{"taxonomy":"product_tag","embeddable":true,"href":"http:\/\/online.elmorteroalegre.es\/index.php?rest_route=%2Fwp%2Fv2%2Fproduct_tag&post=701"}],"curies":[{"name":"wp","href":"https:\/\/api.w.org\/{rel}","templated":true}]}}