{"id":3313,"date":"2019-06-16T17:41:37","date_gmt":"2019-06-16T17:41:37","guid":{"rendered":"http:\/\/online.elmorteroalegre.es\/?post_type=product&#038;p=3313"},"modified":"2025-08-28T11:06:26","modified_gmt":"2025-08-28T11:06:26","slug":"jamon-de-teruel-anejo-maza-al-corte","status":"publish","type":"product","link":"http:\/\/online.elmorteroalegre.es\/?product=jamon-de-teruel-anejo-maza-al-corte","title":{"rendered":"10- JAMON de la CASA  A\u00f1ejo MAZA al corte ALEGRE"},"content":{"rendered":"","protected":false},"excerpt":{"rendered":"<p>JAM\u00d3N A\u00d1EJO de la\u00a0 CASA (DUROC). Con 14- 18 meses de curaci\u00f3n NATURAL en Cedrillas,seleccionamos los jamones en fresco y son curados por el prestigioso secadero CASA CONEJOS,para nuestra firma comercial,un producto excelente de nuestra regi\u00f3n. Se vende al corte .<\/p>\n","protected":false},"featured_media":3301,"template":"","meta":[],"product_brand":[],"product_cat":[150,158],"product_tag":[],"class_list":{"0":"post-3313","1":"product","2":"type-product","3":"status-publish","4":"has-post-thumbnail","6":"product_cat-charcuteria","7":"product_cat-jamones","9":"first","10":"instock","11":"sold-individually","12":"taxable","13":"shipping-taxable","14":"purchasable","15":"product-type-simple"},"_links":{"self":[{"href":"http:\/\/online.elmorteroalegre.es\/index.php?rest_route=\/wp\/v2\/product\/3313","targetHints":{"allow":["GET"]}}],"collection":[{"href":"http:\/\/online.elmorteroalegre.es\/index.php?rest_route=\/wp\/v2\/product"}],"about":[{"href":"http:\/\/online.elmorteroalegre.es\/index.php?rest_route=\/wp\/v2\/types\/product"}],"wp:featuredmedia":[{"embeddable":true,"href":"http:\/\/online.elmorteroalegre.es\/index.php?rest_route=\/wp\/v2\/media\/3301"}],"wp:attachment":[{"href":"http:\/\/online.elmorteroalegre.es\/index.php?rest_route=%2Fwp%2Fv2%2Fmedia&parent=3313"}],"wp:term":[{"taxonomy":"product_brand","embeddable":true,"href":"http:\/\/online.elmorteroalegre.es\/index.php?rest_route=%2Fwp%2Fv2%2Fproduct_brand&post=3313"},{"taxonomy":"product_cat","embeddable":true,"href":"http:\/\/online.elmorteroalegre.es\/index.php?rest_route=%2Fwp%2Fv2%2Fproduct_cat&post=3313"},{"taxonomy":"product_tag","embeddable":true,"href":"http:\/\/online.elmorteroalegre.es\/index.php?rest_route=%2Fwp%2Fv2%2Fproduct_tag&post=3313"}],"curies":[{"name":"wp","href":"https:\/\/api.w.org\/{rel}","templated":true}]}}