{"id":327,"date":"2019-04-28T14:42:44","date_gmt":"2019-04-28T14:42:44","guid":{"rendered":"http:\/\/online.elmorteroalegre.es\/?post_type=product&#038;p=327"},"modified":"2025-09-14T11:34:01","modified_gmt":"2025-09-14T11:34:01","slug":"salchichas-frescas-rojas","status":"publish","type":"product","link":"http:\/\/online.elmorteroalegre.es\/?product=salchichas-frescas-rojas","title":{"rendered":"SALCHICHAS FRESCAS CASERAS -Precio por Kg.-"},"content":{"rendered":"","protected":false},"excerpt":{"rendered":"<p>A 8,75\u20ac Kilo. Nuestra famosa salchicha fresca acompa\u00f1ada de diferentes &#8221; amigos &#8220;: Con queso, Con serrano y piquillo, Con champi\u00f1on y pimiento, &#8220;torera&#8221; ( al piment\u00f3n ), etc, etc.<\/p>\n","protected":false},"featured_media":337,"template":"","meta":[],"product_brand":[],"product_cat":[52],"product_tag":[],"class_list":{"0":"post-327","1":"product","2":"type-product","3":"status-publish","4":"has-post-thumbnail","6":"product_cat-elaborados-carnicos","8":"first","9":"instock","10":"sold-individually","11":"taxable","12":"shipping-taxable","13":"purchasable","14":"product-type-simple"},"_links":{"self":[{"href":"http:\/\/online.elmorteroalegre.es\/index.php?rest_route=\/wp\/v2\/product\/327","targetHints":{"allow":["GET"]}}],"collection":[{"href":"http:\/\/online.elmorteroalegre.es\/index.php?rest_route=\/wp\/v2\/product"}],"about":[{"href":"http:\/\/online.elmorteroalegre.es\/index.php?rest_route=\/wp\/v2\/types\/product"}],"wp:featuredmedia":[{"embeddable":true,"href":"http:\/\/online.elmorteroalegre.es\/index.php?rest_route=\/wp\/v2\/media\/337"}],"wp:attachment":[{"href":"http:\/\/online.elmorteroalegre.es\/index.php?rest_route=%2Fwp%2Fv2%2Fmedia&parent=327"}],"wp:term":[{"taxonomy":"product_brand","embeddable":true,"href":"http:\/\/online.elmorteroalegre.es\/index.php?rest_route=%2Fwp%2Fv2%2Fproduct_brand&post=327"},{"taxonomy":"product_cat","embeddable":true,"href":"http:\/\/online.elmorteroalegre.es\/index.php?rest_route=%2Fwp%2Fv2%2Fproduct_cat&post=327"},{"taxonomy":"product_tag","embeddable":true,"href":"http:\/\/online.elmorteroalegre.es\/index.php?rest_route=%2Fwp%2Fv2%2Fproduct_tag&post=327"}],"curies":[{"name":"wp","href":"https:\/\/api.w.org\/{rel}","templated":true}]}}