{"id":3239,"date":"2019-06-16T17:19:01","date_gmt":"2019-06-16T17:19:01","guid":{"rendered":"http:\/\/online.elmorteroalegre.es\/?post_type=product&#038;p=3239"},"modified":"2025-08-28T11:10:13","modified_gmt":"2025-08-28T11:10:13","slug":"jamon-duroc-batalle-el-unico","status":"publish","type":"product","link":"http:\/\/online.elmorteroalegre.es\/?product=jamon-duroc-batalle-el-unico","title":{"rendered":"2-JAMON DUROC BATALL\u00c9"},"content":{"rendered":"","protected":false},"excerpt":{"rendered":"<p>JAM\u00d3N\u00a0 BATALL\u00c9 el \u00fanico DUROC 100% con 24 meses de curaci\u00f3n NATURAL en la sierra Granadina, por el prestigioso secadero BATALL\u00c9, es un producto de alta calidad, y de\u00a0 sabor extraordinario que le profiere el cerdo duroc. Se vende por piezas de mas -menos- 8-10 kilos. precio por kilo 18,99 \u20ac\/ kg<\/p>\n","protected":false},"featured_media":2126,"template":"","meta":[],"product_brand":[],"product_cat":[150,158],"product_tag":[],"class_list":{"0":"post-3239","1":"product","2":"type-product","3":"status-publish","4":"has-post-thumbnail","6":"product_cat-charcuteria","7":"product_cat-jamones","9":"first","10":"instock","11":"sold-individually","12":"taxable","13":"shipping-taxable","14":"purchasable","15":"product-type-simple"},"_links":{"self":[{"href":"http:\/\/online.elmorteroalegre.es\/index.php?rest_route=\/wp\/v2\/product\/3239","targetHints":{"allow":["GET"]}}],"collection":[{"href":"http:\/\/online.elmorteroalegre.es\/index.php?rest_route=\/wp\/v2\/product"}],"about":[{"href":"http:\/\/online.elmorteroalegre.es\/index.php?rest_route=\/wp\/v2\/types\/product"}],"wp:featuredmedia":[{"embeddable":true,"href":"http:\/\/online.elmorteroalegre.es\/index.php?rest_route=\/wp\/v2\/media\/2126"}],"wp:attachment":[{"href":"http:\/\/online.elmorteroalegre.es\/index.php?rest_route=%2Fwp%2Fv2%2Fmedia&parent=3239"}],"wp:term":[{"taxonomy":"product_brand","embeddable":true,"href":"http:\/\/online.elmorteroalegre.es\/index.php?rest_route=%2Fwp%2Fv2%2Fproduct_brand&post=3239"},{"taxonomy":"product_cat","embeddable":true,"href":"http:\/\/online.elmorteroalegre.es\/index.php?rest_route=%2Fwp%2Fv2%2Fproduct_cat&post=3239"},{"taxonomy":"product_tag","embeddable":true,"href":"http:\/\/online.elmorteroalegre.es\/index.php?rest_route=%2Fwp%2Fv2%2Fproduct_tag&post=3239"}],"curies":[{"name":"wp","href":"https:\/\/api.w.org\/{rel}","templated":true}]}}