{"id":27071,"date":"2022-11-18T11:48:26","date_gmt":"2022-11-18T11:48:26","guid":{"rendered":"http:\/\/online.elmorteroalegre.es\/?post_type=product&#038;p=27071"},"modified":"2022-11-18T12:02:10","modified_gmt":"2022-11-18T12:02:10","slug":"bacalao-veloute","status":"publish","type":"product","link":"http:\/\/online.elmorteroalegre.es\/?product=bacalao-veloute","title":{"rendered":"BACALAO VELOUT\u00c9"},"content":{"rendered":"","protected":false},"excerpt":{"rendered":"<p>BACALAO VELOUT\u00c9. Una raci\u00f3n de aproximadamente 300 grs. de: A BAJA TEMPERATURA CON VELOUT\u00c9 DE ALMEJA)<\/p>\n","protected":false},"featured_media":27072,"template":"","meta":[],"product_brand":[],"product_cat":[26,66],"product_tag":[],"class_list":{"0":"post-27071","1":"product","2":"type-product","3":"status-publish","4":"has-post-thumbnail","6":"product_cat-nuestra-carta","7":"product_cat-pescados","9":"first","10":"instock","11":"taxable","12":"shipping-taxable","13":"purchasable","14":"product-type-simple"},"_links":{"self":[{"href":"http:\/\/online.elmorteroalegre.es\/index.php?rest_route=\/wp\/v2\/product\/27071","targetHints":{"allow":["GET"]}}],"collection":[{"href":"http:\/\/online.elmorteroalegre.es\/index.php?rest_route=\/wp\/v2\/product"}],"about":[{"href":"http:\/\/online.elmorteroalegre.es\/index.php?rest_route=\/wp\/v2\/types\/product"}],"wp:featuredmedia":[{"embeddable":true,"href":"http:\/\/online.elmorteroalegre.es\/index.php?rest_route=\/wp\/v2\/media\/27072"}],"wp:attachment":[{"href":"http:\/\/online.elmorteroalegre.es\/index.php?rest_route=%2Fwp%2Fv2%2Fmedia&parent=27071"}],"wp:term":[{"taxonomy":"product_brand","embeddable":true,"href":"http:\/\/online.elmorteroalegre.es\/index.php?rest_route=%2Fwp%2Fv2%2Fproduct_brand&post=27071"},{"taxonomy":"product_cat","embeddable":true,"href":"http:\/\/online.elmorteroalegre.es\/index.php?rest_route=%2Fwp%2Fv2%2Fproduct_cat&post=27071"},{"taxonomy":"product_tag","embeddable":true,"href":"http:\/\/online.elmorteroalegre.es\/index.php?rest_route=%2Fwp%2Fv2%2Fproduct_tag&post=27071"}],"curies":[{"name":"wp","href":"https:\/\/api.w.org\/{rel}","templated":true}]}}