{"id":27069,"date":"2022-11-18T11:38:35","date_gmt":"2022-11-18T11:38:35","guid":{"rendered":"http:\/\/online.elmorteroalegre.es\/?post_type=product&#038;p=27069"},"modified":"2022-11-18T11:40:34","modified_gmt":"2022-11-18T11:40:34","slug":"melon-galia","status":"publish","type":"product","link":"http:\/\/online.elmorteroalegre.es\/?product=melon-galia","title":{"rendered":"MEL\u00d3N GALIA"},"content":{"rendered":"","protected":false},"excerpt":{"rendered":"<p>MEL\u00d3N GALIA. Una raci\u00f3n de aproximadamente 300 grs. de : (RELLENO DE MARISCO Y SALSA PERFUMADO CON ACEITE ARBEQUINA<\/p>\n<p>&nbsp;<\/p>\n","protected":false},"featured_media":27070,"template":"","meta":[],"product_brand":[],"product_cat":[26,63],"product_tag":[],"class_list":{"0":"post-27069","1":"product","2":"type-product","3":"status-publish","4":"has-post-thumbnail","6":"product_cat-nuestra-carta","7":"product_cat-pastas","9":"first","10":"instock","11":"taxable","12":"shipping-taxable","13":"purchasable","14":"product-type-simple"},"_links":{"self":[{"href":"http:\/\/online.elmorteroalegre.es\/index.php?rest_route=\/wp\/v2\/product\/27069","targetHints":{"allow":["GET"]}}],"collection":[{"href":"http:\/\/online.elmorteroalegre.es\/index.php?rest_route=\/wp\/v2\/product"}],"about":[{"href":"http:\/\/online.elmorteroalegre.es\/index.php?rest_route=\/wp\/v2\/types\/product"}],"wp:featuredmedia":[{"embeddable":true,"href":"http:\/\/online.elmorteroalegre.es\/index.php?rest_route=\/wp\/v2\/media\/27070"}],"wp:attachment":[{"href":"http:\/\/online.elmorteroalegre.es\/index.php?rest_route=%2Fwp%2Fv2%2Fmedia&parent=27069"}],"wp:term":[{"taxonomy":"product_brand","embeddable":true,"href":"http:\/\/online.elmorteroalegre.es\/index.php?rest_route=%2Fwp%2Fv2%2Fproduct_brand&post=27069"},{"taxonomy":"product_cat","embeddable":true,"href":"http:\/\/online.elmorteroalegre.es\/index.php?rest_route=%2Fwp%2Fv2%2Fproduct_cat&post=27069"},{"taxonomy":"product_tag","embeddable":true,"href":"http:\/\/online.elmorteroalegre.es\/index.php?rest_route=%2Fwp%2Fv2%2Fproduct_tag&post=27069"}],"curies":[{"name":"wp","href":"https:\/\/api.w.org\/{rel}","templated":true}]}}