{"id":27052,"date":"2022-11-18T10:58:04","date_gmt":"2022-11-18T10:58:04","guid":{"rendered":"http:\/\/online.elmorteroalegre.es\/?post_type=product&#038;p=27052"},"modified":"2022-11-18T11:46:28","modified_gmt":"2022-11-18T11:46:28","slug":"solomillo-de-cerdo-iberico-al-roquefort","status":"publish","type":"product","link":"http:\/\/online.elmorteroalegre.es\/?product=solomillo-de-cerdo-iberico-al-roquefort","title":{"rendered":"SOLOMILLO DE CERDO IB\u00c9RICO al ROQUEFORT"},"content":{"rendered":"","protected":false},"excerpt":{"rendered":"<p>SOLOMILLO DE CERDO IB\u00c9RICO, CON SALSA ROQUEFORT. Precio raci\u00f3n<\/p>\n<p><u>\u00daltimo d\u00eda de encargo 3 dias antes de la recogida\u00a0 (no esperes al ultimo momento)<\/u><\/p>\n<p>Se recomienda efectuar el pedido de forma telefonica para recibir el numero de recogida y es obligatorio depositar fianza<\/p>\n","protected":false},"featured_media":27053,"template":"","meta":[],"product_brand":[],"product_cat":[23],"product_tag":[],"class_list":{"0":"post-27052","1":"product","2":"type-product","3":"status-publish","4":"has-post-thumbnail","6":"product_cat-catering","8":"first","9":"instock","10":"sold-individually","11":"taxable","12":"shipping-taxable","13":"purchasable","14":"product-type-simple"},"_links":{"self":[{"href":"http:\/\/online.elmorteroalegre.es\/index.php?rest_route=\/wp\/v2\/product\/27052","targetHints":{"allow":["GET"]}}],"collection":[{"href":"http:\/\/online.elmorteroalegre.es\/index.php?rest_route=\/wp\/v2\/product"}],"about":[{"href":"http:\/\/online.elmorteroalegre.es\/index.php?rest_route=\/wp\/v2\/types\/product"}],"wp:featuredmedia":[{"embeddable":true,"href":"http:\/\/online.elmorteroalegre.es\/index.php?rest_route=\/wp\/v2\/media\/27053"}],"wp:attachment":[{"href":"http:\/\/online.elmorteroalegre.es\/index.php?rest_route=%2Fwp%2Fv2%2Fmedia&parent=27052"}],"wp:term":[{"taxonomy":"product_brand","embeddable":true,"href":"http:\/\/online.elmorteroalegre.es\/index.php?rest_route=%2Fwp%2Fv2%2Fproduct_brand&post=27052"},{"taxonomy":"product_cat","embeddable":true,"href":"http:\/\/online.elmorteroalegre.es\/index.php?rest_route=%2Fwp%2Fv2%2Fproduct_cat&post=27052"},{"taxonomy":"product_tag","embeddable":true,"href":"http:\/\/online.elmorteroalegre.es\/index.php?rest_route=%2Fwp%2Fv2%2Fproduct_tag&post=27052"}],"curies":[{"name":"wp","href":"https:\/\/api.w.org\/{rel}","templated":true}]}}