{"id":27049,"date":"2022-11-18T10:43:17","date_gmt":"2022-11-18T10:43:17","guid":{"rendered":"http:\/\/online.elmorteroalegre.es\/?post_type=product&#038;p=27049"},"modified":"2022-11-18T11:10:52","modified_gmt":"2022-11-18T11:10:52","slug":"cabezon-relleno-6-8-raciones","status":"publish","type":"product","link":"http:\/\/online.elmorteroalegre.es\/?product=cabezon-relleno-6-8-raciones","title":{"rendered":"CABEZ\u00d3N RELLENO (6-8 raciones)"},"content":{"rendered":"","protected":false},"excerpt":{"rendered":"<p>CABEZ\u00d3N RELLENO, CON JAM\u00d3N D.O., PASAS, OREJONES Y MANZANA REINETA. (recomendado para 6-8 raciones)<\/p>\n<p><u>\u00daltimo d\u00eda de encargo 3 dias antes de la recogida\u00a0 (no esperes al ultimo momento)<\/u><\/p>\n<p>Se recomienda efectuar el pedido de forma telefonica para recibir el numero de recogida y es obligatorio depositar fianza<\/p>\n","protected":false},"featured_media":27055,"template":"","meta":[],"product_brand":[],"product_cat":[23],"product_tag":[],"class_list":{"0":"post-27049","1":"product","2":"type-product","3":"status-publish","4":"has-post-thumbnail","6":"product_cat-catering","8":"first","9":"instock","10":"sold-individually","11":"taxable","12":"shipping-taxable","13":"purchasable","14":"product-type-simple"},"_links":{"self":[{"href":"http:\/\/online.elmorteroalegre.es\/index.php?rest_route=\/wp\/v2\/product\/27049","targetHints":{"allow":["GET"]}}],"collection":[{"href":"http:\/\/online.elmorteroalegre.es\/index.php?rest_route=\/wp\/v2\/product"}],"about":[{"href":"http:\/\/online.elmorteroalegre.es\/index.php?rest_route=\/wp\/v2\/types\/product"}],"wp:featuredmedia":[{"embeddable":true,"href":"http:\/\/online.elmorteroalegre.es\/index.php?rest_route=\/wp\/v2\/media\/27055"}],"wp:attachment":[{"href":"http:\/\/online.elmorteroalegre.es\/index.php?rest_route=%2Fwp%2Fv2%2Fmedia&parent=27049"}],"wp:term":[{"taxonomy":"product_brand","embeddable":true,"href":"http:\/\/online.elmorteroalegre.es\/index.php?rest_route=%2Fwp%2Fv2%2Fproduct_brand&post=27049"},{"taxonomy":"product_cat","embeddable":true,"href":"http:\/\/online.elmorteroalegre.es\/index.php?rest_route=%2Fwp%2Fv2%2Fproduct_cat&post=27049"},{"taxonomy":"product_tag","embeddable":true,"href":"http:\/\/online.elmorteroalegre.es\/index.php?rest_route=%2Fwp%2Fv2%2Fproduct_tag&post=27049"}],"curies":[{"name":"wp","href":"https:\/\/api.w.org\/{rel}","templated":true}]}}