{"id":2420,"date":"2019-09-22T10:52:13","date_gmt":"2019-09-22T10:52:13","guid":{"rendered":"http:\/\/online.elmorteroalegre.es\/?post_type=product&#038;p=2420"},"modified":"2024-09-30T11:18:29","modified_gmt":"2024-09-30T11:18:29","slug":"menu-de-hoy","status":"publish","type":"product","link":"http:\/\/online.elmorteroalegre.es\/?product=menu-de-hoy","title":{"rendered":"Men\u00fa de Hoy                           ( El precio de este men\u00fa es para recoger en tienda )"},"content":{"rendered":"","protected":false},"excerpt":{"rendered":"<p>Aqu\u00ed puede comprar cuantos men\u00fas quiera reservar. <strong><em>Recuerde que debe llamar a la tienda<\/em><\/strong> para hacer su elecci\u00f3n de Primero, Segundo y Postre para cada men\u00fa y asegurarse as\u00ed, las existencias. Ll\u00e1menos a:<\/p>\n<h4>Tienda Calle Saiz de Otero, 14, en el tel\u00e9fono 976 734 967<br \/>\nTienda Calle Jos\u00e9 Oto, 63, en el tel\u00e9fono 876 641 798<\/h4>\n","protected":false},"featured_media":2042,"template":"","meta":[],"product_brand":[],"product_cat":[23],"product_tag":[],"class_list":{"0":"post-2420","1":"product","2":"type-product","3":"status-publish","4":"has-post-thumbnail","6":"product_cat-catering","8":"first","9":"instock","10":"taxable","11":"shipping-taxable","12":"purchasable","13":"product-type-simple"},"_links":{"self":[{"href":"http:\/\/online.elmorteroalegre.es\/index.php?rest_route=\/wp\/v2\/product\/2420","targetHints":{"allow":["GET"]}}],"collection":[{"href":"http:\/\/online.elmorteroalegre.es\/index.php?rest_route=\/wp\/v2\/product"}],"about":[{"href":"http:\/\/online.elmorteroalegre.es\/index.php?rest_route=\/wp\/v2\/types\/product"}],"wp:featuredmedia":[{"embeddable":true,"href":"http:\/\/online.elmorteroalegre.es\/index.php?rest_route=\/wp\/v2\/media\/2042"}],"wp:attachment":[{"href":"http:\/\/online.elmorteroalegre.es\/index.php?rest_route=%2Fwp%2Fv2%2Fmedia&parent=2420"}],"wp:term":[{"taxonomy":"product_brand","embeddable":true,"href":"http:\/\/online.elmorteroalegre.es\/index.php?rest_route=%2Fwp%2Fv2%2Fproduct_brand&post=2420"},{"taxonomy":"product_cat","embeddable":true,"href":"http:\/\/online.elmorteroalegre.es\/index.php?rest_route=%2Fwp%2Fv2%2Fproduct_cat&post=2420"},{"taxonomy":"product_tag","embeddable":true,"href":"http:\/\/online.elmorteroalegre.es\/index.php?rest_route=%2Fwp%2Fv2%2Fproduct_tag&post=2420"}],"curies":[{"name":"wp","href":"https:\/\/api.w.org\/{rel}","templated":true}]}}