{"id":2407,"date":"2019-06-13T07:35:39","date_gmt":"2019-06-13T07:35:39","guid":{"rendered":"http:\/\/online.elmorteroalegre.es\/?post_type=product&#038;p=2407"},"modified":"2025-09-15T08:42:26","modified_gmt":"2025-09-15T08:42:26","slug":"estofado-de-ternera-2","status":"publish","type":"product","link":"http:\/\/online.elmorteroalegre.es\/?product=estofado-de-ternera-2","title":{"rendered":"DIFERENTES PLATOS CADA D\u00cdA"},"content":{"rendered":"<h4><strong>\u00bfERES DE LOS QUE TE TOCA COMER TODOS LOS D\u00cdAS FUERA DE CASA Y SOLO BUSCAS UN PLATO A BUEN PRECIO?\u00a0<\/strong><\/h4>\n<p>Una alternativa diferente al men\u00fa del dia es el plato del d\u00eda.<\/p>\n<p>Todos d\u00edas tenemos un plato del d\u00eda diferente para que puedas variar todos los d\u00edas de la semana.<\/p>\n<p>&nbsp;<\/p>\n<p>&nbsp;<\/p>\n","protected":false},"excerpt":{"rendered":"<p>Precio de una raci\u00f3n de: ESTOFADO DE TERNERA<\/p>\n<p>Un plato preparado con mimo y a fuego lento, d\u00e1ndole el tiempo necesario para conseguir una mezcla de sabores, texturas y olores que convierten el plato en un disfrute.<\/p>\n<p>&nbsp;<\/p>\n","protected":false},"featured_media":0,"template":"","meta":[],"product_brand":[],"product_cat":[165],"product_tag":[],"class_list":{"0":"post-2407","1":"product","2":"type-product","3":"status-publish","5":"product_cat-plato-del-dia","7":"first","8":"instock","9":"taxable","10":"shipping-taxable","11":"purchasable","12":"product-type-simple"},"_links":{"self":[{"href":"http:\/\/online.elmorteroalegre.es\/index.php?rest_route=\/wp\/v2\/product\/2407","targetHints":{"allow":["GET"]}}],"collection":[{"href":"http:\/\/online.elmorteroalegre.es\/index.php?rest_route=\/wp\/v2\/product"}],"about":[{"href":"http:\/\/online.elmorteroalegre.es\/index.php?rest_route=\/wp\/v2\/types\/product"}],"wp:attachment":[{"href":"http:\/\/online.elmorteroalegre.es\/index.php?rest_route=%2Fwp%2Fv2%2Fmedia&parent=2407"}],"wp:term":[{"taxonomy":"product_brand","embeddable":true,"href":"http:\/\/online.elmorteroalegre.es\/index.php?rest_route=%2Fwp%2Fv2%2Fproduct_brand&post=2407"},{"taxonomy":"product_cat","embeddable":true,"href":"http:\/\/online.elmorteroalegre.es\/index.php?rest_route=%2Fwp%2Fv2%2Fproduct_cat&post=2407"},{"taxonomy":"product_tag","embeddable":true,"href":"http:\/\/online.elmorteroalegre.es\/index.php?rest_route=%2Fwp%2Fv2%2Fproduct_tag&post=2407"}],"curies":[{"name":"wp","href":"https:\/\/api.w.org\/{rel}","templated":true}]}}