{"id":18074,"date":"2020-09-14T10:58:35","date_gmt":"2020-09-14T10:58:35","guid":{"rendered":"http:\/\/online.elmorteroalegre.es\/?post_type=product&#038;p=18074"},"modified":"2025-08-28T12:31:32","modified_gmt":"2025-08-28T12:31:32","slug":"6-jamon-iberico-cebo-campo-puntas-enteras","status":"publish","type":"product","link":"http:\/\/online.elmorteroalegre.es\/?product=6-jamon-iberico-cebo-campo-puntas-enteras","title":{"rendered":"6- JAM\u00d3N IBERICO CEBO-CAMPO puntas enteras"},"content":{"rendered":"","protected":false},"excerpt":{"rendered":"<p>Jam\u00f3n Iberico Cebo-Campo al corte. De las dehesa Estreme\u00f1as a tu mesa , un producto icono de la gastronomia Estreme\u00f1a. Se vende por piezas de 0,5 a 1,5 \u20ac kg<\/p>\n","protected":false},"featured_media":2118,"template":"","meta":[],"product_brand":[],"product_cat":[150,158],"product_tag":[],"class_list":{"0":"post-18074","1":"product","2":"type-product","3":"status-publish","4":"has-post-thumbnail","6":"product_cat-charcuteria","7":"product_cat-jamones","9":"first","10":"instock","11":"taxable","12":"shipping-taxable","13":"purchasable","14":"product-type-simple"},"_links":{"self":[{"href":"http:\/\/online.elmorteroalegre.es\/index.php?rest_route=\/wp\/v2\/product\/18074","targetHints":{"allow":["GET"]}}],"collection":[{"href":"http:\/\/online.elmorteroalegre.es\/index.php?rest_route=\/wp\/v2\/product"}],"about":[{"href":"http:\/\/online.elmorteroalegre.es\/index.php?rest_route=\/wp\/v2\/types\/product"}],"wp:featuredmedia":[{"embeddable":true,"href":"http:\/\/online.elmorteroalegre.es\/index.php?rest_route=\/wp\/v2\/media\/2118"}],"wp:attachment":[{"href":"http:\/\/online.elmorteroalegre.es\/index.php?rest_route=%2Fwp%2Fv2%2Fmedia&parent=18074"}],"wp:term":[{"taxonomy":"product_brand","embeddable":true,"href":"http:\/\/online.elmorteroalegre.es\/index.php?rest_route=%2Fwp%2Fv2%2Fproduct_brand&post=18074"},{"taxonomy":"product_cat","embeddable":true,"href":"http:\/\/online.elmorteroalegre.es\/index.php?rest_route=%2Fwp%2Fv2%2Fproduct_cat&post=18074"},{"taxonomy":"product_tag","embeddable":true,"href":"http:\/\/online.elmorteroalegre.es\/index.php?rest_route=%2Fwp%2Fv2%2Fproduct_tag&post=18074"}],"curies":[{"name":"wp","href":"https:\/\/api.w.org\/{rel}","templated":true}]}}