{"id":18048,"date":"2020-09-11T13:56:07","date_gmt":"2020-09-11T13:56:07","guid":{"rendered":"http:\/\/online.elmorteroalegre.es\/?post_type=product&#038;p=18048"},"modified":"2025-08-28T12:33:28","modified_gmt":"2025-08-28T12:33:28","slug":"rulo-de-cabra","status":"publish","type":"product","link":"http:\/\/online.elmorteroalegre.es\/?product=rulo-de-cabra","title":{"rendered":"RULO DE CABRA"},"content":{"rendered":"","protected":false},"excerpt":{"rendered":"<p><strong>RULO DE queso de cabra<\/strong>\u00a0es un queso de pasta blanda, blanca, cremosa, sin ojos, fundente, con distintos tiempos de maduraci\u00f3n y puede ser con o sin corteza, siendo esta de mohos blancos. Se elabora a partir de leche pasteurizada de cabra por coagulaci\u00f3n l\u00e1ctica, siendo un queso que se rompe con facilidad, permeable y h\u00famedo, con un entramado de las prote\u00ednas semi s\u00f3lido que retiene una importante proporci\u00f3n de suero l\u00edquido.<\/p>\n","protected":false},"featured_media":18049,"template":"","meta":[],"product_brand":[],"product_cat":[150,156],"product_tag":[],"class_list":{"0":"post-18048","1":"product","2":"type-product","3":"status-publish","4":"has-post-thumbnail","6":"product_cat-charcuteria","7":"product_cat-quesos","9":"first","10":"instock","11":"taxable","12":"shipping-taxable","13":"purchasable","14":"product-type-simple"},"_links":{"self":[{"href":"http:\/\/online.elmorteroalegre.es\/index.php?rest_route=\/wp\/v2\/product\/18048","targetHints":{"allow":["GET"]}}],"collection":[{"href":"http:\/\/online.elmorteroalegre.es\/index.php?rest_route=\/wp\/v2\/product"}],"about":[{"href":"http:\/\/online.elmorteroalegre.es\/index.php?rest_route=\/wp\/v2\/types\/product"}],"wp:featuredmedia":[{"embeddable":true,"href":"http:\/\/online.elmorteroalegre.es\/index.php?rest_route=\/wp\/v2\/media\/18049"}],"wp:attachment":[{"href":"http:\/\/online.elmorteroalegre.es\/index.php?rest_route=%2Fwp%2Fv2%2Fmedia&parent=18048"}],"wp:term":[{"taxonomy":"product_brand","embeddable":true,"href":"http:\/\/online.elmorteroalegre.es\/index.php?rest_route=%2Fwp%2Fv2%2Fproduct_brand&post=18048"},{"taxonomy":"product_cat","embeddable":true,"href":"http:\/\/online.elmorteroalegre.es\/index.php?rest_route=%2Fwp%2Fv2%2Fproduct_cat&post=18048"},{"taxonomy":"product_tag","embeddable":true,"href":"http:\/\/online.elmorteroalegre.es\/index.php?rest_route=%2Fwp%2Fv2%2Fproduct_tag&post=18048"}],"curies":[{"name":"wp","href":"https:\/\/api.w.org\/{rel}","templated":true}]}}