{"id":18045,"date":"2020-09-11T13:50:38","date_gmt":"2020-09-11T13:50:38","guid":{"rendered":"http:\/\/online.elmorteroalegre.es\/?post_type=product&#038;p=18045"},"modified":"2025-08-28T12:33:56","modified_gmt":"2025-08-28T12:33:56","slug":"senorio-de-guadamur","status":"publish","type":"product","link":"http:\/\/online.elmorteroalegre.es\/?product=senorio-de-guadamur","title":{"rendered":"7 CORONAS OVEJA"},"content":{"rendered":"","protected":false},"excerpt":{"rendered":"<p><strong>Se\u00f1or\u00edo de Guadamur Curado Queso de Oveja<\/strong><\/p>\n<p>Queso manchego artesano curado elaborado a partir de\u00a0leche de oveja,<\/p>\n<p>El queso con denominaci\u00f3n de origen LA MANCHA es un queso de pasta prensada elaborado con leche de oveja de la raza manchega, con una maduraci\u00f3n m\u00ednima de 30 d\u00edas, para quesos con peso igual o inferior a 1,5\u00a0kg y de 60 d\u00edas, para el resto de formatos, y m\u00e1xima de 2 a\u00f1os.<\/p>\n<p>Tiene forma de cilindro con caras sensiblemente planas, de una altura m\u00e1xima de 12\u00a0cm, y di\u00e1metro m\u00e1ximo de 22\u00a0cm. Cada pieza pesar\u00e1 como m\u00ednimo 400\u00a0g, y como m\u00e1ximo, 4\u00a0kg. El extracto seco es de un m\u00ednimo de 55%, mientras que la materia grasa es de un m\u00ednimo del 50% sobre extracto seco, siendo la prote\u00edna total, nuevamente sobre extracto seco, de un m\u00ednimo de 30%.<\/p>\n","protected":false},"featured_media":18046,"template":"","meta":[],"product_brand":[],"product_cat":[150,156],"product_tag":[],"class_list":{"0":"post-18045","1":"product","2":"type-product","3":"status-publish","4":"has-post-thumbnail","6":"product_cat-charcuteria","7":"product_cat-quesos","9":"first","10":"instock","11":"taxable","12":"shipping-taxable","13":"purchasable","14":"product-type-simple"},"_links":{"self":[{"href":"http:\/\/online.elmorteroalegre.es\/index.php?rest_route=\/wp\/v2\/product\/18045","targetHints":{"allow":["GET"]}}],"collection":[{"href":"http:\/\/online.elmorteroalegre.es\/index.php?rest_route=\/wp\/v2\/product"}],"about":[{"href":"http:\/\/online.elmorteroalegre.es\/index.php?rest_route=\/wp\/v2\/types\/product"}],"wp:featuredmedia":[{"embeddable":true,"href":"http:\/\/online.elmorteroalegre.es\/index.php?rest_route=\/wp\/v2\/media\/18046"}],"wp:attachment":[{"href":"http:\/\/online.elmorteroalegre.es\/index.php?rest_route=%2Fwp%2Fv2%2Fmedia&parent=18045"}],"wp:term":[{"taxonomy":"product_brand","embeddable":true,"href":"http:\/\/online.elmorteroalegre.es\/index.php?rest_route=%2Fwp%2Fv2%2Fproduct_brand&post=18045"},{"taxonomy":"product_cat","embeddable":true,"href":"http:\/\/online.elmorteroalegre.es\/index.php?rest_route=%2Fwp%2Fv2%2Fproduct_cat&post=18045"},{"taxonomy":"product_tag","embeddable":true,"href":"http:\/\/online.elmorteroalegre.es\/index.php?rest_route=%2Fwp%2Fv2%2Fproduct_tag&post=18045"}],"curies":[{"name":"wp","href":"https:\/\/api.w.org\/{rel}","templated":true}]}}