{"id":18042,"date":"2020-09-11T13:45:20","date_gmt":"2020-09-11T13:45:20","guid":{"rendered":"http:\/\/online.elmorteroalegre.es\/?post_type=product&#038;p=18042"},"modified":"2025-08-28T12:34:21","modified_gmt":"2025-08-28T12:34:21","slug":"don-picon-de-cuenca","status":"publish","type":"product","link":"http:\/\/online.elmorteroalegre.es\/?product=don-picon-de-cuenca","title":{"rendered":"DON PICON de Cuenca"},"content":{"rendered":"","protected":false},"excerpt":{"rendered":"<p>Queso de oveja curado en\u00a0<strong>manteca de cerdo<\/strong>\u00a0sazonado con\u00a0<strong>tomillo<\/strong>\u00a0y\u00a0<strong>romero<\/strong>\u00a0y regados con\u00a0<strong>brandy<\/strong>. A esta delicia adem\u00e1s le a\u00f1aden posteriormente\u00a0<strong>trufa<\/strong> para conseguir un producto \u00fanico que a\u00fana un amplio espectro de sabores y aromas. Indiscutiblemente uno de los mejores quesos de Espa\u00f1a<\/p>\n","protected":false},"featured_media":18043,"template":"","meta":[],"product_brand":[],"product_cat":[150,156],"product_tag":[],"class_list":{"0":"post-18042","1":"product","2":"type-product","3":"status-publish","4":"has-post-thumbnail","6":"product_cat-charcuteria","7":"product_cat-quesos","9":"first","10":"outofstock","11":"taxable","12":"shipping-taxable","13":"purchasable","14":"product-type-simple"},"_links":{"self":[{"href":"http:\/\/online.elmorteroalegre.es\/index.php?rest_route=\/wp\/v2\/product\/18042","targetHints":{"allow":["GET"]}}],"collection":[{"href":"http:\/\/online.elmorteroalegre.es\/index.php?rest_route=\/wp\/v2\/product"}],"about":[{"href":"http:\/\/online.elmorteroalegre.es\/index.php?rest_route=\/wp\/v2\/types\/product"}],"wp:featuredmedia":[{"embeddable":true,"href":"http:\/\/online.elmorteroalegre.es\/index.php?rest_route=\/wp\/v2\/media\/18043"}],"wp:attachment":[{"href":"http:\/\/online.elmorteroalegre.es\/index.php?rest_route=%2Fwp%2Fv2%2Fmedia&parent=18042"}],"wp:term":[{"taxonomy":"product_brand","embeddable":true,"href":"http:\/\/online.elmorteroalegre.es\/index.php?rest_route=%2Fwp%2Fv2%2Fproduct_brand&post=18042"},{"taxonomy":"product_cat","embeddable":true,"href":"http:\/\/online.elmorteroalegre.es\/index.php?rest_route=%2Fwp%2Fv2%2Fproduct_cat&post=18042"},{"taxonomy":"product_tag","embeddable":true,"href":"http:\/\/online.elmorteroalegre.es\/index.php?rest_route=%2Fwp%2Fv2%2Fproduct_tag&post=18042"}],"curies":[{"name":"wp","href":"https:\/\/api.w.org\/{rel}","templated":true}]}}