{"id":18039,"date":"2020-09-11T13:36:42","date_gmt":"2020-09-11T13:36:42","guid":{"rendered":"http:\/\/online.elmorteroalegre.es\/?post_type=product&#038;p=18039"},"modified":"2025-08-28T10:55:00","modified_gmt":"2025-08-28T10:55:00","slug":"roquefort-ronkari-blue","status":"publish","type":"product","link":"http:\/\/online.elmorteroalegre.es\/?product=roquefort-ronkari-blue","title":{"rendered":"ROQUEFORT PAPILLON"},"content":{"rendered":"","protected":false},"excerpt":{"rendered":"<p>Queso Azul de Leche de Oveja Pasteurizada, elaborado en Espa\u00f1a por Grupo TGT con la misma receta y tecnolog\u00eda del Queso Roquefort Franc\u00e9s, su pasta es de color blanco con las caracter\u00edsticas vetas de Moho Azul (Penicillium Roqueforti), resulta cremoso en boca, de sabor l\u00e1cteo intenso y ligera acid\u00e9z, aroma t\u00edpico del queso Azul ligeramente picante, es m\u00e1s dulce, m\u00e1s al gusto Espa\u00f1ol, al tener una menor adici\u00f3n de sal que su hom\u00f3logo franc\u00e9s<\/p>\n","protected":false},"featured_media":18040,"template":"","meta":[],"product_brand":[],"product_cat":[150,156],"product_tag":[],"class_list":{"0":"post-18039","1":"product","2":"type-product","3":"status-publish","4":"has-post-thumbnail","6":"product_cat-charcuteria","7":"product_cat-quesos","9":"first","10":"instock","11":"taxable","12":"shipping-taxable","13":"purchasable","14":"product-type-simple"},"_links":{"self":[{"href":"http:\/\/online.elmorteroalegre.es\/index.php?rest_route=\/wp\/v2\/product\/18039","targetHints":{"allow":["GET"]}}],"collection":[{"href":"http:\/\/online.elmorteroalegre.es\/index.php?rest_route=\/wp\/v2\/product"}],"about":[{"href":"http:\/\/online.elmorteroalegre.es\/index.php?rest_route=\/wp\/v2\/types\/product"}],"wp:featuredmedia":[{"embeddable":true,"href":"http:\/\/online.elmorteroalegre.es\/index.php?rest_route=\/wp\/v2\/media\/18040"}],"wp:attachment":[{"href":"http:\/\/online.elmorteroalegre.es\/index.php?rest_route=%2Fwp%2Fv2%2Fmedia&parent=18039"}],"wp:term":[{"taxonomy":"product_brand","embeddable":true,"href":"http:\/\/online.elmorteroalegre.es\/index.php?rest_route=%2Fwp%2Fv2%2Fproduct_brand&post=18039"},{"taxonomy":"product_cat","embeddable":true,"href":"http:\/\/online.elmorteroalegre.es\/index.php?rest_route=%2Fwp%2Fv2%2Fproduct_cat&post=18039"},{"taxonomy":"product_tag","embeddable":true,"href":"http:\/\/online.elmorteroalegre.es\/index.php?rest_route=%2Fwp%2Fv2%2Fproduct_tag&post=18039"}],"curies":[{"name":"wp","href":"https:\/\/api.w.org\/{rel}","templated":true}]}}