{"id":17998,"date":"2020-09-11T09:12:34","date_gmt":"2020-09-11T09:12:34","guid":{"rendered":"http:\/\/online.elmorteroalegre.es\/?post_type=product&#038;p=17998"},"modified":"2025-09-12T09:30:05","modified_gmt":"2025-09-12T09:30:05","slug":"01chuleton-de-black-angus","status":"publish","type":"product","link":"http:\/\/online.elmorteroalegre.es\/?product=01chuleton-de-black-angus","title":{"rendered":"01CHULET\u00d3N DE BLACK ANGUS"},"content":{"rendered":"","protected":false},"excerpt":{"rendered":"<p>BLACK ANGUS, CHULET\u00d3N , producto seleccionado de alta calidad, con alta infiltraci\u00f3n grasa en musculo , lo que le profiere un excelente sabor,suavidad y ternura.corte al gusto del cliente si bien se recomienda corte grueso.Recomendada para plancha o brasa.<\/p>\n<p>BLACK ANGUS: Raza procedente de la regi\u00f3n Escocesa de Aberdeen, se caracteriza por su capa totalmente negra y es un vacuno si cuernos. Muy apreciada su carne por su alta infiltraci\u00f3n grasa en musculo.Es una carne de altisima calidad. &#8220;Prima-Hermana&#8221; del buey de COVE.<\/p>\n<p>&nbsp;<\/p>\n","protected":false},"featured_media":17999,"template":"","meta":[],"product_brand":[],"product_cat":[56],"product_tag":[],"class_list":{"0":"post-17998","1":"product","2":"type-product","3":"status-publish","4":"has-post-thumbnail","6":"product_cat-ternera","8":"first","9":"instock","10":"taxable","11":"shipping-taxable","12":"purchasable","13":"product-type-simple"},"_links":{"self":[{"href":"http:\/\/online.elmorteroalegre.es\/index.php?rest_route=\/wp\/v2\/product\/17998","targetHints":{"allow":["GET"]}}],"collection":[{"href":"http:\/\/online.elmorteroalegre.es\/index.php?rest_route=\/wp\/v2\/product"}],"about":[{"href":"http:\/\/online.elmorteroalegre.es\/index.php?rest_route=\/wp\/v2\/types\/product"}],"wp:featuredmedia":[{"embeddable":true,"href":"http:\/\/online.elmorteroalegre.es\/index.php?rest_route=\/wp\/v2\/media\/17999"}],"wp:attachment":[{"href":"http:\/\/online.elmorteroalegre.es\/index.php?rest_route=%2Fwp%2Fv2%2Fmedia&parent=17998"}],"wp:term":[{"taxonomy":"product_brand","embeddable":true,"href":"http:\/\/online.elmorteroalegre.es\/index.php?rest_route=%2Fwp%2Fv2%2Fproduct_brand&post=17998"},{"taxonomy":"product_cat","embeddable":true,"href":"http:\/\/online.elmorteroalegre.es\/index.php?rest_route=%2Fwp%2Fv2%2Fproduct_cat&post=17998"},{"taxonomy":"product_tag","embeddable":true,"href":"http:\/\/online.elmorteroalegre.es\/index.php?rest_route=%2Fwp%2Fv2%2Fproduct_tag&post=17998"}],"curies":[{"name":"wp","href":"https:\/\/api.w.org\/{rel}","templated":true}]}}