{"id":17986,"date":"2020-09-01T09:19:52","date_gmt":"2020-09-01T09:19:52","guid":{"rendered":"http:\/\/online.elmorteroalegre.es\/?post_type=product&#038;p=17986"},"modified":"2025-11-11T11:14:40","modified_gmt":"2025-11-11T11:14:40","slug":"bandeja-de-canapes-45-unid","status":"publish","type":"product","link":"http:\/\/online.elmorteroalegre.es\/?product=bandeja-de-canapes-45-unid","title":{"rendered":"Bandeja de Canap\u00e9s 45 unid."},"content":{"rendered":"","protected":false},"excerpt":{"rendered":"<p>Una bandeja con 45 canap\u00e9s variados con todos estos tipo distintos de canap\u00e9:<\/p>\n<p><strong>-Salm\u00f3n ahumado sobre cama de queso.<\/strong><br \/>\n<strong>-Emulsi\u00f3n de jam\u00f3n Ib\u00e9rico con crujiente de cebolla<br \/>\n-Mouse de Foie con huevos de trucha<br \/>\n-Pimiento morr\u00f3n asado y boquer\u00f3n<br \/>\n-Batida de palito de cangrejo con huevos de Salm\u00f3n<br \/>\n-Queso de cabra con nueces, miel y cebolla caramelizada.<\/strong><\/p>\n<p>La Bandeja contiene un surtido de todos estos tipos de canap\u00e9s hasta la cantidad de 45 unidades.<\/p>\n","protected":false},"featured_media":20254,"template":"","meta":[],"product_brand":[],"product_cat":[25],"product_tag":[],"class_list":{"0":"post-17986","1":"product","2":"type-product","3":"status-publish","4":"has-post-thumbnail","6":"product_cat-lunch-grupos","8":"first","9":"outofstock","10":"taxable","11":"shipping-taxable","12":"purchasable","13":"product-type-simple"},"_links":{"self":[{"href":"http:\/\/online.elmorteroalegre.es\/index.php?rest_route=\/wp\/v2\/product\/17986","targetHints":{"allow":["GET"]}}],"collection":[{"href":"http:\/\/online.elmorteroalegre.es\/index.php?rest_route=\/wp\/v2\/product"}],"about":[{"href":"http:\/\/online.elmorteroalegre.es\/index.php?rest_route=\/wp\/v2\/types\/product"}],"wp:featuredmedia":[{"embeddable":true,"href":"http:\/\/online.elmorteroalegre.es\/index.php?rest_route=\/wp\/v2\/media\/20254"}],"wp:attachment":[{"href":"http:\/\/online.elmorteroalegre.es\/index.php?rest_route=%2Fwp%2Fv2%2Fmedia&parent=17986"}],"wp:term":[{"taxonomy":"product_brand","embeddable":true,"href":"http:\/\/online.elmorteroalegre.es\/index.php?rest_route=%2Fwp%2Fv2%2Fproduct_brand&post=17986"},{"taxonomy":"product_cat","embeddable":true,"href":"http:\/\/online.elmorteroalegre.es\/index.php?rest_route=%2Fwp%2Fv2%2Fproduct_cat&post=17986"},{"taxonomy":"product_tag","embeddable":true,"href":"http:\/\/online.elmorteroalegre.es\/index.php?rest_route=%2Fwp%2Fv2%2Fproduct_tag&post=17986"}],"curies":[{"name":"wp","href":"https:\/\/api.w.org\/{rel}","templated":true}]}}