{"id":179,"date":"2019-04-27T10:21:56","date_gmt":"2019-04-27T10:21:56","guid":{"rendered":"http:\/\/online.elmorteroalegre.es\/?post_type=product&#038;p=179"},"modified":"2025-09-14T11:16:08","modified_gmt":"2025-09-14T11:16:08","slug":"lomo-adobado-semicocido","status":"publish","type":"product","link":"http:\/\/online.elmorteroalegre.es\/?product=lomo-adobado-semicocido","title":{"rendered":"13-LOMO ADOBADO SEMICOCIDO -Precio por Kg.-"},"content":{"rendered":"","protected":false},"excerpt":{"rendered":"<p>Envasado al vac\u00edo. Lomo semicocido recomendado para hacer a la plancha o en salsa, se presenta en paquete de 8 a 10 filetes al vaci\u00f3 para su mejor conservaci\u00f3n.<\/p>\n","protected":false},"featured_media":189,"template":"","meta":[],"product_brand":[],"product_cat":[33],"product_tag":[],"class_list":{"0":"post-179","1":"product","2":"type-product","3":"status-publish","4":"has-post-thumbnail","6":"product_cat-cerdo","8":"first","9":"instock","10":"taxable","11":"shipping-taxable","12":"purchasable","13":"product-type-simple"},"_links":{"self":[{"href":"http:\/\/online.elmorteroalegre.es\/index.php?rest_route=\/wp\/v2\/product\/179","targetHints":{"allow":["GET"]}}],"collection":[{"href":"http:\/\/online.elmorteroalegre.es\/index.php?rest_route=\/wp\/v2\/product"}],"about":[{"href":"http:\/\/online.elmorteroalegre.es\/index.php?rest_route=\/wp\/v2\/types\/product"}],"wp:featuredmedia":[{"embeddable":true,"href":"http:\/\/online.elmorteroalegre.es\/index.php?rest_route=\/wp\/v2\/media\/189"}],"wp:attachment":[{"href":"http:\/\/online.elmorteroalegre.es\/index.php?rest_route=%2Fwp%2Fv2%2Fmedia&parent=179"}],"wp:term":[{"taxonomy":"product_brand","embeddable":true,"href":"http:\/\/online.elmorteroalegre.es\/index.php?rest_route=%2Fwp%2Fv2%2Fproduct_brand&post=179"},{"taxonomy":"product_cat","embeddable":true,"href":"http:\/\/online.elmorteroalegre.es\/index.php?rest_route=%2Fwp%2Fv2%2Fproduct_cat&post=179"},{"taxonomy":"product_tag","embeddable":true,"href":"http:\/\/online.elmorteroalegre.es\/index.php?rest_route=%2Fwp%2Fv2%2Fproduct_tag&post=179"}],"curies":[{"name":"wp","href":"https:\/\/api.w.org\/{rel}","templated":true}]}}