{"id":167,"date":"2019-04-27T10:13:08","date_gmt":"2019-04-27T10:13:08","guid":{"rendered":"http:\/\/online.elmorteroalegre.es\/?post_type=product&#038;p=167"},"modified":"2025-09-14T11:20:06","modified_gmt":"2025-09-14T11:20:06","slug":"cinta-de-lomo-adobado-casero","status":"publish","type":"product","link":"http:\/\/online.elmorteroalegre.es\/?product=cinta-de-lomo-adobado-casero","title":{"rendered":"12-CINTA DE LOMO ADOBADO CASERO -Precio por Kg.-"},"content":{"rendered":"","protected":false},"excerpt":{"rendered":"<p>. Cinta de lomo adobada con la receta de la abuela , piment\u00f3n, sal, ajo y hierbas naturales .la puedes adquirir al piment\u00f3n a alas finas hierbas. Est\u00e1 riqu\u00edsima<\/p>\n","protected":false},"featured_media":2150,"template":"","meta":[],"product_brand":[],"product_cat":[33],"product_tag":[],"class_list":{"0":"post-167","1":"product","2":"type-product","3":"status-publish","4":"has-post-thumbnail","6":"product_cat-cerdo","8":"first","9":"instock","10":"sold-individually","11":"taxable","12":"shipping-taxable","13":"purchasable","14":"product-type-simple"},"_links":{"self":[{"href":"http:\/\/online.elmorteroalegre.es\/index.php?rest_route=\/wp\/v2\/product\/167","targetHints":{"allow":["GET"]}}],"collection":[{"href":"http:\/\/online.elmorteroalegre.es\/index.php?rest_route=\/wp\/v2\/product"}],"about":[{"href":"http:\/\/online.elmorteroalegre.es\/index.php?rest_route=\/wp\/v2\/types\/product"}],"wp:featuredmedia":[{"embeddable":true,"href":"http:\/\/online.elmorteroalegre.es\/index.php?rest_route=\/wp\/v2\/media\/2150"}],"wp:attachment":[{"href":"http:\/\/online.elmorteroalegre.es\/index.php?rest_route=%2Fwp%2Fv2%2Fmedia&parent=167"}],"wp:term":[{"taxonomy":"product_brand","embeddable":true,"href":"http:\/\/online.elmorteroalegre.es\/index.php?rest_route=%2Fwp%2Fv2%2Fproduct_brand&post=167"},{"taxonomy":"product_cat","embeddable":true,"href":"http:\/\/online.elmorteroalegre.es\/index.php?rest_route=%2Fwp%2Fv2%2Fproduct_cat&post=167"},{"taxonomy":"product_tag","embeddable":true,"href":"http:\/\/online.elmorteroalegre.es\/index.php?rest_route=%2Fwp%2Fv2%2Fproduct_tag&post=167"}],"curies":[{"name":"wp","href":"https:\/\/api.w.org\/{rel}","templated":true}]}}