{"id":1375,"date":"2019-05-08T10:54:03","date_gmt":"2019-05-08T10:54:03","guid":{"rendered":"http:\/\/online.elmorteroalegre.es\/?post_type=product&#038;p=1375"},"modified":"2025-09-15T09:13:09","modified_gmt":"2025-09-15T09:13:09","slug":"trucha-rellena-de-jamon","status":"publish","type":"product","link":"http:\/\/online.elmorteroalegre.es\/?product=trucha-rellena-de-jamon","title":{"rendered":"TRUCHA RELLENA DE JAM\u00d3N"},"content":{"rendered":"","protected":false},"excerpt":{"rendered":"<p>Una raci\u00f3n equivale aproximadamente a 300 gr. Una RACI\u00d3N de TRUCHA RELLENA DE JAM\u00d3N<\/p>\n","protected":false},"featured_media":1376,"template":"","meta":[],"product_brand":[],"product_cat":[66],"product_tag":[],"class_list":{"0":"post-1375","1":"product","2":"type-product","3":"status-publish","4":"has-post-thumbnail","6":"product_cat-pescados","8":"first","9":"instock","10":"taxable","11":"shipping-taxable","12":"purchasable","13":"product-type-simple"},"_links":{"self":[{"href":"http:\/\/online.elmorteroalegre.es\/index.php?rest_route=\/wp\/v2\/product\/1375","targetHints":{"allow":["GET"]}}],"collection":[{"href":"http:\/\/online.elmorteroalegre.es\/index.php?rest_route=\/wp\/v2\/product"}],"about":[{"href":"http:\/\/online.elmorteroalegre.es\/index.php?rest_route=\/wp\/v2\/types\/product"}],"wp:featuredmedia":[{"embeddable":true,"href":"http:\/\/online.elmorteroalegre.es\/index.php?rest_route=\/wp\/v2\/media\/1376"}],"wp:attachment":[{"href":"http:\/\/online.elmorteroalegre.es\/index.php?rest_route=%2Fwp%2Fv2%2Fmedia&parent=1375"}],"wp:term":[{"taxonomy":"product_brand","embeddable":true,"href":"http:\/\/online.elmorteroalegre.es\/index.php?rest_route=%2Fwp%2Fv2%2Fproduct_brand&post=1375"},{"taxonomy":"product_cat","embeddable":true,"href":"http:\/\/online.elmorteroalegre.es\/index.php?rest_route=%2Fwp%2Fv2%2Fproduct_cat&post=1375"},{"taxonomy":"product_tag","embeddable":true,"href":"http:\/\/online.elmorteroalegre.es\/index.php?rest_route=%2Fwp%2Fv2%2Fproduct_tag&post=1375"}],"curies":[{"name":"wp","href":"https:\/\/api.w.org\/{rel}","templated":true}]}}