{"id":1373,"date":"2019-05-08T10:49:33","date_gmt":"2019-05-08T10:49:33","guid":{"rendered":"http:\/\/online.elmorteroalegre.es\/?post_type=product&#038;p=1373"},"modified":"2025-09-15T09:13:56","modified_gmt":"2025-09-15T09:13:56","slug":"chipiron-en-su-tinta","status":"publish","type":"product","link":"http:\/\/online.elmorteroalegre.es\/?product=chipiron-en-su-tinta","title":{"rendered":"CHIPIR\u00d3N EN SU TINTA"},"content":{"rendered":"","protected":false},"excerpt":{"rendered":"<p>Una raci\u00f3n equivale aproximadamente a 300 gr. Una RACI\u00d3N de CHIPIR\u00d3N EN SU TINTA<\/p>\n","protected":false},"featured_media":1374,"template":"","meta":[],"product_brand":[],"product_cat":[66],"product_tag":[],"class_list":{"0":"post-1373","1":"product","2":"type-product","3":"status-publish","4":"has-post-thumbnail","6":"product_cat-pescados","8":"first","9":"instock","10":"taxable","11":"shipping-taxable","12":"purchasable","13":"product-type-simple"},"_links":{"self":[{"href":"http:\/\/online.elmorteroalegre.es\/index.php?rest_route=\/wp\/v2\/product\/1373","targetHints":{"allow":["GET"]}}],"collection":[{"href":"http:\/\/online.elmorteroalegre.es\/index.php?rest_route=\/wp\/v2\/product"}],"about":[{"href":"http:\/\/online.elmorteroalegre.es\/index.php?rest_route=\/wp\/v2\/types\/product"}],"wp:featuredmedia":[{"embeddable":true,"href":"http:\/\/online.elmorteroalegre.es\/index.php?rest_route=\/wp\/v2\/media\/1374"}],"wp:attachment":[{"href":"http:\/\/online.elmorteroalegre.es\/index.php?rest_route=%2Fwp%2Fv2%2Fmedia&parent=1373"}],"wp:term":[{"taxonomy":"product_brand","embeddable":true,"href":"http:\/\/online.elmorteroalegre.es\/index.php?rest_route=%2Fwp%2Fv2%2Fproduct_brand&post=1373"},{"taxonomy":"product_cat","embeddable":true,"href":"http:\/\/online.elmorteroalegre.es\/index.php?rest_route=%2Fwp%2Fv2%2Fproduct_cat&post=1373"},{"taxonomy":"product_tag","embeddable":true,"href":"http:\/\/online.elmorteroalegre.es\/index.php?rest_route=%2Fwp%2Fv2%2Fproduct_tag&post=1373"}],"curies":[{"name":"wp","href":"https:\/\/api.w.org\/{rel}","templated":true}]}}