{"id":1347,"date":"2019-05-08T09:55:21","date_gmt":"2019-05-08T09:55:21","guid":{"rendered":"http:\/\/online.elmorteroalegre.es\/?post_type=product&#038;p=1347"},"modified":"2025-09-15T09:49:15","modified_gmt":"2025-09-15T09:49:15","slug":"pollo-a-la-chilindron","status":"publish","type":"product","link":"http:\/\/online.elmorteroalegre.es\/?product=pollo-a-la-chilindron","title":{"rendered":"POLLO A LA CHILINDR\u00d3N"},"content":{"rendered":"","protected":false},"excerpt":{"rendered":"<p>Una raci\u00f3n se compone 400 grs, aproximadamente de POLLO A LA CHILINDR\u00d3N. Jamoncitos de pollo a la chilindr\u00f3n cl\u00e1sica.<\/p>\n","protected":false},"featured_media":1348,"template":"","meta":[],"product_brand":[],"product_cat":[65,26],"product_tag":[],"class_list":{"0":"post-1347","1":"product","2":"type-product","3":"status-publish","4":"has-post-thumbnail","6":"product_cat-carnes","7":"product_cat-nuestra-carta","9":"first","10":"instock","11":"taxable","12":"shipping-taxable","13":"purchasable","14":"product-type-simple"},"_links":{"self":[{"href":"http:\/\/online.elmorteroalegre.es\/index.php?rest_route=\/wp\/v2\/product\/1347","targetHints":{"allow":["GET"]}}],"collection":[{"href":"http:\/\/online.elmorteroalegre.es\/index.php?rest_route=\/wp\/v2\/product"}],"about":[{"href":"http:\/\/online.elmorteroalegre.es\/index.php?rest_route=\/wp\/v2\/types\/product"}],"wp:featuredmedia":[{"embeddable":true,"href":"http:\/\/online.elmorteroalegre.es\/index.php?rest_route=\/wp\/v2\/media\/1348"}],"wp:attachment":[{"href":"http:\/\/online.elmorteroalegre.es\/index.php?rest_route=%2Fwp%2Fv2%2Fmedia&parent=1347"}],"wp:term":[{"taxonomy":"product_brand","embeddable":true,"href":"http:\/\/online.elmorteroalegre.es\/index.php?rest_route=%2Fwp%2Fv2%2Fproduct_brand&post=1347"},{"taxonomy":"product_cat","embeddable":true,"href":"http:\/\/online.elmorteroalegre.es\/index.php?rest_route=%2Fwp%2Fv2%2Fproduct_cat&post=1347"},{"taxonomy":"product_tag","embeddable":true,"href":"http:\/\/online.elmorteroalegre.es\/index.php?rest_route=%2Fwp%2Fv2%2Fproduct_tag&post=1347"}],"curies":[{"name":"wp","href":"https:\/\/api.w.org\/{rel}","templated":true}]}}