{"id":1310,"date":"2019-05-08T08:53:19","date_gmt":"2019-05-08T08:53:19","guid":{"rendered":"http:\/\/online.elmorteroalegre.es\/?post_type=product&#038;p=1310"},"modified":"2022-09-08T09:07:38","modified_gmt":"2022-09-08T09:07:38","slug":"canelones-gratinados","status":"publish","type":"product","link":"http:\/\/online.elmorteroalegre.es\/?product=canelones-gratinados","title":{"rendered":"CALABAC\u00cdN RELLENO AL GRATEN"},"content":{"rendered":"","protected":false},"excerpt":{"rendered":"<p>Una raci\u00f3n de aproximadamente 300 grs. de : CALABAC\u00cdN RELLENO AL GRATEN<\/p>\n","protected":false},"featured_media":1315,"template":"","meta":[],"product_brand":[],"product_cat":[26,62],"product_tag":[],"class_list":{"0":"post-1310","1":"product","2":"type-product","3":"status-publish","4":"has-post-thumbnail","6":"product_cat-nuestra-carta","7":"product_cat-verduras","9":"first","10":"instock","11":"taxable","12":"shipping-taxable","13":"purchasable","14":"product-type-simple"},"_links":{"self":[{"href":"http:\/\/online.elmorteroalegre.es\/index.php?rest_route=\/wp\/v2\/product\/1310","targetHints":{"allow":["GET"]}}],"collection":[{"href":"http:\/\/online.elmorteroalegre.es\/index.php?rest_route=\/wp\/v2\/product"}],"about":[{"href":"http:\/\/online.elmorteroalegre.es\/index.php?rest_route=\/wp\/v2\/types\/product"}],"wp:featuredmedia":[{"embeddable":true,"href":"http:\/\/online.elmorteroalegre.es\/index.php?rest_route=\/wp\/v2\/media\/1315"}],"wp:attachment":[{"href":"http:\/\/online.elmorteroalegre.es\/index.php?rest_route=%2Fwp%2Fv2%2Fmedia&parent=1310"}],"wp:term":[{"taxonomy":"product_brand","embeddable":true,"href":"http:\/\/online.elmorteroalegre.es\/index.php?rest_route=%2Fwp%2Fv2%2Fproduct_brand&post=1310"},{"taxonomy":"product_cat","embeddable":true,"href":"http:\/\/online.elmorteroalegre.es\/index.php?rest_route=%2Fwp%2Fv2%2Fproduct_cat&post=1310"},{"taxonomy":"product_tag","embeddable":true,"href":"http:\/\/online.elmorteroalegre.es\/index.php?rest_route=%2Fwp%2Fv2%2Fproduct_tag&post=1310"}],"curies":[{"name":"wp","href":"https:\/\/api.w.org\/{rel}","templated":true}]}}