{"id":1204,"date":"2019-05-07T15:16:51","date_gmt":"2019-05-07T15:16:51","guid":{"rendered":"http:\/\/online.elmorteroalegre.es\/?post_type=product&#038;p=1204"},"modified":"2025-09-15T09:52:33","modified_gmt":"2025-09-15T09:52:33","slug":"albondigas-de-la-casa","status":"publish","type":"product","link":"http:\/\/online.elmorteroalegre.es\/?product=albondigas-de-la-casa","title":{"rendered":"ALB\u00d3NDIGAS DE LA CASA con salsa de tomate"},"content":{"rendered":"","protected":false},"excerpt":{"rendered":"<p>Una raci\u00f3n se compone 400 grs, aproximadamente de ALB\u00d3NDIGAS DE LA CASA. Alb\u00f3ndigas mixtas de ternera y magro marca de la casa con salsa de tomate.<\/p>\n","protected":false},"featured_media":1205,"template":"","meta":[],"product_brand":[],"product_cat":[65,26],"product_tag":[],"class_list":{"0":"post-1204","1":"product","2":"type-product","3":"status-publish","4":"has-post-thumbnail","6":"product_cat-carnes","7":"product_cat-nuestra-carta","9":"first","10":"instock","11":"taxable","12":"shipping-taxable","13":"purchasable","14":"product-type-simple"},"_links":{"self":[{"href":"http:\/\/online.elmorteroalegre.es\/index.php?rest_route=\/wp\/v2\/product\/1204","targetHints":{"allow":["GET"]}}],"collection":[{"href":"http:\/\/online.elmorteroalegre.es\/index.php?rest_route=\/wp\/v2\/product"}],"about":[{"href":"http:\/\/online.elmorteroalegre.es\/index.php?rest_route=\/wp\/v2\/types\/product"}],"wp:featuredmedia":[{"embeddable":true,"href":"http:\/\/online.elmorteroalegre.es\/index.php?rest_route=\/wp\/v2\/media\/1205"}],"wp:attachment":[{"href":"http:\/\/online.elmorteroalegre.es\/index.php?rest_route=%2Fwp%2Fv2%2Fmedia&parent=1204"}],"wp:term":[{"taxonomy":"product_brand","embeddable":true,"href":"http:\/\/online.elmorteroalegre.es\/index.php?rest_route=%2Fwp%2Fv2%2Fproduct_brand&post=1204"},{"taxonomy":"product_cat","embeddable":true,"href":"http:\/\/online.elmorteroalegre.es\/index.php?rest_route=%2Fwp%2Fv2%2Fproduct_cat&post=1204"},{"taxonomy":"product_tag","embeddable":true,"href":"http:\/\/online.elmorteroalegre.es\/index.php?rest_route=%2Fwp%2Fv2%2Fproduct_tag&post=1204"}],"curies":[{"name":"wp","href":"https:\/\/api.w.org\/{rel}","templated":true}]}}