{"id":1023,"date":"2019-05-03T07:54:47","date_gmt":"2019-05-03T07:54:47","guid":{"rendered":"http:\/\/online.elmorteroalegre.es\/?post_type=product&#038;p=1023"},"modified":"2025-11-11T11:06:09","modified_gmt":"2025-11-11T11:06:09","slug":"lunch-teruel","status":"publish","type":"product","link":"http:\/\/online.elmorteroalegre.es\/?product=lunch-teruel","title":{"rendered":"LUNCH TERUEL"},"content":{"rendered":"","protected":false},"excerpt":{"rendered":"<p>Precio por persona. COMPUESTO DE:<\/p>\n<p><strong>SURTIDO DE FRITOS:<\/strong> CROQUETAS CASERAS, MIMOSO, FLAUTAS, BOLITAS DE BACALAO<br \/>\n<strong>SINFON\u00cdA DE CERDO:<\/strong> CHORIZO FRITO, LONGANIZA FRITA, MORCILLA DE ARROZ, CHORIZO DEL VALLE DE TENA.<br \/>\n<strong>HOJALDRES VARIADOS:<\/strong> YORK-QUESO, SOBRASADA, PAT\u00c9, BONITO<br \/>\n<strong>TABLA DE CURADOS:<\/strong> JAM\u00d3N D.O TERUEL, CHORIZO IB\u00c9RICO, SALCHICH\u00d3N IB\u00c9RICO, QUESO MANCHEGO<br \/>\n<strong>EMPANADA DE LA CASA, TORTILLA DE PATATA.<\/strong><\/p>\n<p>M\u00ednimo 6 personas<\/p>\n","protected":false},"featured_media":1024,"template":"","meta":[],"product_brand":[],"product_cat":[25],"product_tag":[],"class_list":{"0":"post-1023","1":"product","2":"type-product","3":"status-publish","4":"has-post-thumbnail","6":"product_cat-lunch-grupos","8":"first","9":"instock","10":"taxable","11":"shipping-taxable","12":"purchasable","13":"product-type-simple"},"_links":{"self":[{"href":"http:\/\/online.elmorteroalegre.es\/index.php?rest_route=\/wp\/v2\/product\/1023","targetHints":{"allow":["GET"]}}],"collection":[{"href":"http:\/\/online.elmorteroalegre.es\/index.php?rest_route=\/wp\/v2\/product"}],"about":[{"href":"http:\/\/online.elmorteroalegre.es\/index.php?rest_route=\/wp\/v2\/types\/product"}],"wp:featuredmedia":[{"embeddable":true,"href":"http:\/\/online.elmorteroalegre.es\/index.php?rest_route=\/wp\/v2\/media\/1024"}],"wp:attachment":[{"href":"http:\/\/online.elmorteroalegre.es\/index.php?rest_route=%2Fwp%2Fv2%2Fmedia&parent=1023"}],"wp:term":[{"taxonomy":"product_brand","embeddable":true,"href":"http:\/\/online.elmorteroalegre.es\/index.php?rest_route=%2Fwp%2Fv2%2Fproduct_brand&post=1023"},{"taxonomy":"product_cat","embeddable":true,"href":"http:\/\/online.elmorteroalegre.es\/index.php?rest_route=%2Fwp%2Fv2%2Fproduct_cat&post=1023"},{"taxonomy":"product_tag","embeddable":true,"href":"http:\/\/online.elmorteroalegre.es\/index.php?rest_route=%2Fwp%2Fv2%2Fproduct_tag&post=1023"}],"curies":[{"name":"wp","href":"https:\/\/api.w.org\/{rel}","templated":true}]}}