{"id":2,"date":"2019-04-15T12:00:47","date_gmt":"2019-04-15T12:00:47","guid":{"rendered":"http:\/\/online.elmorteroalegre.es\/?page_id=2"},"modified":"2019-04-29T09:56:05","modified_gmt":"2019-04-29T09:56:05","slug":"sample-page","status":"publish","type":"page","link":"http:\/\/online.elmorteroalegre.es\/?page_id=2","title":{"rendered":"Condiciones de venta"},"content":{"rendered":"\n<p>En Mortero Alegre queremos la satisfacci\u00f3n del cliente por encima de todo<\/p>\n\n\n\n<blockquote class=\"wp-block-quote is-layout-flow wp-block-quote-is-layout-flow\"><p>Cuando recoja en la tienda su pedido,  le mostraremos todo lo que hemos seleccionado para usted, para que sea de su gusto.<\/p><\/blockquote>\n\n\n\n<p>&#8230; no dejaremos nada al azahar. y usted podr\u00e1 en ese momento comentarnos lo que no le parezca correcto.<\/p>\n\n\n\n<blockquote class=\"wp-block-quote is-layout-flow wp-block-quote-is-layout-flow\"><p>Nuestra amplia experiencia y dedicaci\u00f3n al sector de la carne y la alimentaci\u00f3n en general, se ver\u00e1 reflejada en su pedido, no lo dude.<\/p><\/blockquote>\n\n\n\n<p>Nuestro inter\u00e9s es que con nuestros productos podemos trasmitirle que comer &#8220;<strong>es un placer para todos los sentidos<\/strong>&#8220;<\/p>\n\n\n\n<p>Adem\u00e1s para mejorar su experiencia de navegaci\u00f3n en nuestra p\u00e1gina le recomendamos que lea nuestra Pol\u00edtica de Privacidad. <a href=\"http:\/\/online.elmorteroalegre.es\/privacy-policy\">aqu\u00ed<\/a><\/p>\n","protected":false},"excerpt":{"rendered":"<p>En Mortero Alegre queremos la satisfacci\u00f3n del cliente por encima de todo Cuando recoja en la tienda su pedido, le mostraremos todo lo que hemos seleccionado para usted, para que sea de su gusto. &#8230; no dejaremos nada al azahar. y usted podr\u00e1 en ese momento comentarnos lo que no le parezca correcto. Nuestra amplia [&hellip;]<\/p>\n","protected":false},"author":1,"featured_media":0,"parent":0,"menu_order":0,"comment_status":"closed","ping_status":"open","template":"","meta":{"footnotes":""},"class_list":["post-2","page","type-page","status-publish","hentry"],"_links":{"self":[{"href":"http:\/\/online.elmorteroalegre.es\/index.php?rest_route=\/wp\/v2\/pages\/2","targetHints":{"allow":["GET"]}}],"collection":[{"href":"http:\/\/online.elmorteroalegre.es\/index.php?rest_route=\/wp\/v2\/pages"}],"about":[{"href":"http:\/\/online.elmorteroalegre.es\/index.php?rest_route=\/wp\/v2\/types\/page"}],"author":[{"embeddable":true,"href":"http:\/\/online.elmorteroalegre.es\/index.php?rest_route=\/wp\/v2\/users\/1"}],"replies":[{"embeddable":true,"href":"http:\/\/online.elmorteroalegre.es\/index.php?rest_route=%2Fwp%2Fv2%2Fcomments&post=2"}],"version-history":[{"count":0,"href":"http:\/\/online.elmorteroalegre.es\/index.php?rest_route=\/wp\/v2\/pages\/2\/revisions"}],"wp:attachment":[{"href":"http:\/\/online.elmorteroalegre.es\/index.php?rest_route=%2Fwp%2Fv2%2Fmedia&parent=2"}],"curies":[{"name":"wp","href":"https:\/\/api.w.org\/{rel}","templated":true}]}}